{"id":15,"date":"2019-07-07T13:36:25","date_gmt":"2019-07-07T13:36:25","guid":{"rendered":"http:\/\/grundschule-rothenstein.de\/?page_id=15"},"modified":"2024-09-13T04:58:45","modified_gmt":"2024-09-13T02:58:45","slug":"impressum","status":"publish","type":"page","link":"https:\/\/grundschule-rothenstein.de\/?page_id=15","title":{"rendered":"Impressum"},"content":{"rendered":"\n<h2 class=\"wp-block-heading\">Kontakt<\/h2>\n\n\n\n<p>Grundschule \u201eAm Trompeterfelsen\u201c <\/p>\n\n\n\n<p> Schulstra\u00dfe 18<\/p>\n\n\n\n<p>07751 Rothenstein<\/p>\n\n\n\n<p>Telefon: 036424 \u2013 22500<\/p>\n\n\n\n<p>Telefax: 036424 \u2013 766055<\/p>\n\n\n\n<p>E-Mail: <a href=\"mailto:gs.rothenstein@sv.lrashk.de\">gs.rothenstein@sv.lrashk.de<\/a><\/p>\n\n\n\n<p>diese vertreten durch Heike Siebert (Schulleiterin)<\/p>\n\n\n\n<p><strong>Schultr\u00e4ger:<\/strong> Landratsamt des Saale-Holzland-Kreis<\/p>\n\n\n\n<p>Inhaltlich verantwortlich f\u00fcr Erstellung und Aktualisierung: Heike Siebert                                           <em>        <\/em><\/p>\n\n\n\n<h2 class=\"wp-block-heading\">Urheberrecht<\/h2>\n\n\n\n<p>Soweit nicht anders angegeben, liegen alle Rechte bei GS \u201c Am Trompeterfelsen\u201d. Die Verlinkung und die Verbreitung der Inhalte sind m\u00f6glich, soweit nicht Rechte Dritter ber\u00fchrt werden bzw. eine Einzelfallregelung vorliegt. Im Falle der Verlinkung und der Verbreitung muss als Quelle der Name und die Internetadresse der Schule angegeben werden.<\/p>\n\n\n\n<h2 class=\"wp-block-heading\">Haftungsausschluss<\/h2>\n\n\n\n<p>Die ver\u00f6ffentlichten Links wurden mit gr\u00f6\u00dftm\u00f6glicher Sorgfalt recherchiert und zusammengestellt. Die Schule hat bei der erstmaligen Verkn\u00fcpfung den fremden Inhalt daraufhin \u00fcberpr\u00fcft, ob durch ihn eine m\u00f6gliche zivilrechtliche oder strafrechtliche Verantwortlichkeit ausgel\u00f6st wird. Nicht ausgeschlossen werden kann, dass die fremden Inhalte danach weiterentwickelt worden sind, so dass eine neue Verantwortlichkeit begr\u00fcndet wird. F\u00fcr illegale, fehlerhafte, \u00fcberholte oder unvollst\u00e4ndige Inhalte sowie f\u00fcr Sch\u00e4den, die durch Nutzung oder Nichtnutzung der Informationen entstehen, haftet allein der Anbieter der fremden Webseiten. Die Schule \u00fcbernimmt keinerlei Haftung und Gew\u00e4hrleistung. Dies betrifft auch eventuelle wirtschaftliche Folgen, die durch Ver\u00f6ffentlichung dieser Seiten entstehen k\u00f6nnen.<\/p>\n","protected":false},"excerpt":{"rendered":"<p>Kontakt Grundschule \u201eAm Trompeterfelsen\u201c Schulstra\u00dfe 18 07751 Rothenstein Telefon: 036424 \u2013 22500 Telefax: 036424 \u2013 766055 E-Mail: gs.rothenstein@sv.lrashk.de diese vertreten durch Heike Siebert (Schulleiterin) Schultr\u00e4ger: Landratsamt des Saale-Holzland-Kreis Inhaltlich verantwortlich [&hellip;]<\/p>\n","protected":false},"author":4,"featured_media":0,"parent":0,"menu_order":0,"comment_status":"closed","ping_status":"closed","template":"","meta":{"footnotes":""},"class_list":["post-15","page","type-page","status-publish","hentry"],"jetpack_sharing_enabled":true,"_links":{"self":[{"href":"https:\/\/grundschule-rothenstein.de\/index.php?rest_route=\/wp\/v2\/pages\/15","targetHints":{"allow":["GET"]}}],"collection":[{"href":"https:\/\/grundschule-rothenstein.de\/index.php?rest_route=\/wp\/v2\/pages"}],"about":[{"href":"https:\/\/grundschule-rothenstein.de\/index.php?rest_route=\/wp\/v2\/types\/page"}],"author":[{"embeddable":true,"href":"https:\/\/grundschule-rothenstein.de\/index.php?rest_route=\/wp\/v2\/users\/4"}],"replies":[{"embeddable":true,"href":"https:\/\/grundschule-rothenstein.de\/index.php?rest_route=%2Fwp%2Fv2%2Fcomments&post=15"}],"version-history":[{"count":8,"href":"https:\/\/grundschule-rothenstein.de\/index.php?rest_route=\/wp\/v2\/pages\/15\/revisions"}],"predecessor-version":[{"id":1116,"href":"https:\/\/grundschule-rothenstein.de\/index.php?rest_route=\/wp\/v2\/pages\/15\/revisions\/1116"}],"wp:attachment":[{"href":"https:\/\/grundschule-rothenstein.de\/index.php?rest_route=%2Fwp%2Fv2%2Fmedia&parent=15"}],"curies":[{"name":"wp","href":"https:\/\/api.w.org\/{rel}","templated":true}]}}