{"id":21,"date":"2019-07-07T13:47:34","date_gmt":"2019-07-07T13:47:34","guid":{"rendered":"http:\/\/grundschule-rothenstein.de\/?page_id=21"},"modified":"2025-12-14T10:18:25","modified_gmt":"2025-12-14T09:18:25","slug":"unsere-schule","status":"publish","type":"page","link":"https:\/\/grundschule-rothenstein.de\/?page_id=21","title":{"rendered":"Namensherkunft"},"content":{"rendered":"<div class=\"wp-block-image\">\n<figure class=\"alignright\"><img loading=\"lazy\" decoding=\"async\" width=\"183\" height=\"176\" src=\"http:\/\/grundschule-rothenstein.de\/wp-content\/uploads\/2019\/08\/3825.jpg\" alt=\"\" class=\"wp-image-137\"\/><\/figure>\n<\/div>\n\n\n<h3 class=\"wp-block-heading\">Woher haben wir unseren Namen &#8222;Am Trompeterfelsen&#8220; ?<\/h3>\n\n\n\n<p>Der Name &#8222;Trompeterfelsen&#8220; wurde abgeleitet von einer Sage aus dem Drei\u00dfigj\u00e4hrigne Krieg: Das Dorf \u00d6lknitz, gegen\u00fcberliegend, durch die Saale vom Fels getrennt, beherbergte ein schwedisches Feldlager. Ein schwedischer Soldat, Axel von Gellingen, war als Kundschafter im gegnerischen Gebiet unterwegs mit einer wichtigen Botschaft. Er wurde von kaiserlichen Kroaten verfolgt, verfehlte aber den g\u00fcnstigen Weg zur Sallefurt in Rothenstein und gelangte auf das Felsplateau. Von dort war kein Abstieg m\u00f6glich. Um der Gefangenschaft zu entgehen entschloss er sich, lieber in den Tod zu springen, als den Verfolgern in die H\u00e4nde zu fallen. Ein Wunder geschieht und er kommt heil unten an, durchquert die Saale und erreicht die Seinen. Dankbar greift er zur Trompete und bl\u00e4st einen Choral. In diesem Moment trifft ihn eine feindliche Kugel t\u00f6dlich. <\/p>\n\n\n\n<p>Heimatforscher haben sich mit dem Sageninhalt besch\u00e4ftigt und kamen zu dem Schluss, dass es wohl keine M\u00f6glichkeiten eines solchen &#8222;Abstieges&#8220; gegeben haben kann. Geht man aber von der Tatsache aus, dass jede Sage ein gewisser Wirklichkeitsgrad zuzuordnen ist, hat der Soldat sicher einen der heute noch existierenden Pfade am steilen Fels zum Abstieg vorgefunden.<\/p>\n\n\n\n<div class=\"wp-block-group\"><div class=\"wp-block-group__inner-container is-layout-constrained wp-block-group-is-layout-constrained\">\n<div class=\"wp-block-group\"><div class=\"wp-block-group__inner-container is-layout-constrained wp-block-group-is-layout-constrained\">\n<div class=\"wp-block-group\"><div class=\"wp-block-group__inner-container is-layout-constrained wp-block-group-is-layout-constrained\"><\/div><\/div>\n<\/div><\/div>\n<\/div><\/div>\n\n\n\n<p><\/p>\n","protected":false},"excerpt":{"rendered":"<p>Woher haben wir unseren Namen &#8222;Am Trompeterfelsen&#8220; ? Der Name &#8222;Trompeterfelsen&#8220; wurde abgeleitet von einer Sage aus dem Drei\u00dfigj\u00e4hrigne Krieg: Das Dorf \u00d6lknitz, gegen\u00fcberliegend, durch die Saale vom Fels getrennt, [&hellip;]<\/p>\n","protected":false},"author":4,"featured_media":0,"parent":0,"menu_order":0,"comment_status":"closed","ping_status":"closed","template":"","meta":{"footnotes":""},"class_list":["post-21","page","type-page","status-publish","hentry"],"jetpack_sharing_enabled":true,"_links":{"self":[{"href":"https:\/\/grundschule-rothenstein.de\/index.php?rest_route=\/wp\/v2\/pages\/21","targetHints":{"allow":["GET"]}}],"collection":[{"href":"https:\/\/grundschule-rothenstein.de\/index.php?rest_route=\/wp\/v2\/pages"}],"about":[{"href":"https:\/\/grundschule-rothenstein.de\/index.php?rest_route=\/wp\/v2\/types\/page"}],"author":[{"embeddable":true,"href":"https:\/\/grundschule-rothenstein.de\/index.php?rest_route=\/wp\/v2\/users\/4"}],"replies":[{"embeddable":true,"href":"https:\/\/grundschule-rothenstein.de\/index.php?rest_route=%2Fwp%2Fv2%2Fcomments&post=21"}],"version-history":[{"count":15,"href":"https:\/\/grundschule-rothenstein.de\/index.php?rest_route=\/wp\/v2\/pages\/21\/revisions"}],"predecessor-version":[{"id":1328,"href":"https:\/\/grundschule-rothenstein.de\/index.php?rest_route=\/wp\/v2\/pages\/21\/revisions\/1328"}],"wp:attachment":[{"href":"https:\/\/grundschule-rothenstein.de\/index.php?rest_route=%2Fwp%2Fv2%2Fmedia&parent=21"}],"curies":[{"name":"wp","href":"https:\/\/api.w.org\/{rel}","templated":true}]}}