{"id":379,"date":"2021-09-04T22:16:21","date_gmt":"2021-09-04T20:16:21","guid":{"rendered":"http:\/\/grundschule-rothenstein.de\/?page_id=379"},"modified":"2025-08-22T14:24:54","modified_gmt":"2025-08-22T12:24:54","slug":"organisatorisches","status":"publish","type":"page","link":"https:\/\/grundschule-rothenstein.de\/?page_id=379","title":{"rendered":"Organisatorisches"},"content":{"rendered":"\n<p><strong>Krankmeldungen<\/strong><\/p>\n\n\n\n<p>Mitteilung bitte m\u00f6glichst vor Unterrichtsbeginn. <strong>Bis 7.10 Uhr<\/strong> k\u00f6nnen Sie dazu die <strong>Hortnummer<\/strong> nutzen (036424\/766056). Danach w\u00e4hlen die Eltern der <strong>Klassen 3 und 4<\/strong> bis Unterrichtsschluss bitte die <strong>Schulnummer<\/strong> (036424\/22500) und besprechen gegebenenfalls den AB. Diesen h\u00f6ren wir t\u00e4glich ab. F\u00fcr die Klassen 1 und 2 ist ganzt\u00e4gig die Hortnummer g\u00fcltig.<\/p>\n\n\n\n<p><strong>Busfahrplan<\/strong><\/p>\n\n\n\n<div class=\"wp-block-file\"><a id=\"wp-block-file--media-8b96333a-6c81-4b61-a9c8-71c18a89724a\" href=\"http:\/\/grundschule-rothenstein.de\/wp-content\/uploads\/2021\/09\/Busfahrplan-HinRu\u0308ck-06.09.21-1.jpg\">Busfahrplan-HinRu\u0308ck-06.09.21-1<\/a><a href=\"http:\/\/grundschule-rothenstein.de\/wp-content\/uploads\/2021\/09\/Busfahrplan-HinRu\u0308ck-06.09.21-1.jpg\" class=\"wp-block-file__button wp-element-button\" download aria-describedby=\"wp-block-file--media-8b96333a-6c81-4b61-a9c8-71c18a89724a\">Herunterladen<\/a><\/div>\n\n\n\n<p><strong>Nachhauseweg der Kinder<\/strong><\/p>\n\n\n\n<p>Um eine sichere R\u00fcckkehr Ihres Kindes zu organisieren, m\u00fcssen wir von Ihnen in <strong>schriftlicher Form eine Mitteilung zur Abholung<\/strong> oder zum gew\u00fcnschten Bus haben. Es ist uns aus rechtlichen Gr\u00fcnden nicht m\u00f6glich kurzfristige \u00c4nderungen per Anruf der Eltern zu akzeptieren. Eine E-Mail ist ebenfalls nicht m\u00f6glich, da die Erzieherinnen im Verlaufe des Schultages keine M\u00f6glichkeit haben, diese abzurufen. Der sicherste Informationsweg ist das <strong>HA-Heft<\/strong> Ihres Kindes. Hier k\u00f6nnen Sie t\u00e4glich oder 1x zu Beginn der Woche Ihre Festlegungen eintragen. Nat\u00fcrlich sind auch weiterhin <strong>Dauervollmachten<\/strong> m\u00f6glich.&nbsp;<\/p>\n\n\n\n<h2 class=\"wp-block-heading\"><strong>Unterrichtszeiten<\/strong><\/h2>\n\n\n\n<figure class=\"wp-block-table\"><table><tbody><tr><td>1. Stunde<\/td><td>7.30 &#8211; 8.15 Uhr<\/td><\/tr><tr><td><\/td><td>Fr\u00fchst\u00fcckspause<\/td><\/tr><tr><td>2. Stunde<\/td><td>8.30 &#8211; 9.15 Uhr<\/td><\/tr><tr><td><\/td><td>Hofpause<\/td><\/tr><tr><td>3. Stunde<\/td><td>9.35 &#8211; 10.20 Uhr<\/td><\/tr><tr><td>4. Stunde<\/td><td>10.30 &#8211; 11.15 Uhr<\/td><\/tr><tr><td><\/td><td>Essenspause<\/td><\/tr><tr><td>5. Stunde<\/td><td>11.40 &#8211; 12.25 Uhr<\/td><\/tr><tr><td>6. Stunde<\/td><td>12.30 &#8211; 13.15 Uhr<\/td><\/tr><\/tbody><\/table><\/figure>\n\n\n\n<p><strong>14.00 &#8211; 15.00 Uhr Hausaufgabenzeit: Bitte nicht st\u00f6ren<\/strong>.<\/p>\n","protected":false},"excerpt":{"rendered":"<p>Krankmeldungen Mitteilung bitte m\u00f6glichst vor Unterrichtsbeginn. Bis 7.10 Uhr k\u00f6nnen Sie dazu die Hortnummer nutzen (036424\/766056). Danach w\u00e4hlen die Eltern der Klassen 3 und 4 bis Unterrichtsschluss bitte die Schulnummer [&hellip;]<\/p>\n","protected":false},"author":4,"featured_media":0,"parent":22,"menu_order":0,"comment_status":"closed","ping_status":"closed","template":"","meta":{"footnotes":""},"class_list":["post-379","page","type-page","status-publish","hentry"],"jetpack_sharing_enabled":true,"_links":{"self":[{"href":"https:\/\/grundschule-rothenstein.de\/index.php?rest_route=\/wp\/v2\/pages\/379","targetHints":{"allow":["GET"]}}],"collection":[{"href":"https:\/\/grundschule-rothenstein.de\/index.php?rest_route=\/wp\/v2\/pages"}],"about":[{"href":"https:\/\/grundschule-rothenstein.de\/index.php?rest_route=\/wp\/v2\/types\/page"}],"author":[{"embeddable":true,"href":"https:\/\/grundschule-rothenstein.de\/index.php?rest_route=\/wp\/v2\/users\/4"}],"replies":[{"embeddable":true,"href":"https:\/\/grundschule-rothenstein.de\/index.php?rest_route=%2Fwp%2Fv2%2Fcomments&post=379"}],"version-history":[{"count":11,"href":"https:\/\/grundschule-rothenstein.de\/index.php?rest_route=\/wp\/v2\/pages\/379\/revisions"}],"predecessor-version":[{"id":1268,"href":"https:\/\/grundschule-rothenstein.de\/index.php?rest_route=\/wp\/v2\/pages\/379\/revisions\/1268"}],"up":[{"embeddable":true,"href":"https:\/\/grundschule-rothenstein.de\/index.php?rest_route=\/wp\/v2\/pages\/22"}],"wp:attachment":[{"href":"https:\/\/grundschule-rothenstein.de\/index.php?rest_route=%2Fwp%2Fv2%2Fmedia&parent=379"}],"curies":[{"name":"wp","href":"https:\/\/api.w.org\/{rel}","templated":true}]}}