{"id":471,"date":"2022-04-27T21:12:34","date_gmt":"2022-04-27T19:12:34","guid":{"rendered":"http:\/\/grundschule-rothenstein.de\/?page_id=471"},"modified":"2024-02-26T19:42:07","modified_gmt":"2024-02-26T18:42:07","slug":"anmeldung-fuer-2023-24","status":"publish","type":"page","link":"https:\/\/grundschule-rothenstein.de\/?page_id=471","title":{"rendered":"Anmeldung f\u00fcr 2025\/26"},"content":{"rendered":"\n<p>Die Schulanmeldung f\u00fcr das Schuljahr 2025\/26 findet erneut ohne Pr\u00e4senz statt. Bitte f\u00fcllen sie die folgenden Formulare aus und senden Sie sie an die Schule zur\u00fcck.<\/p>\n\n\n\n<div class=\"wp-block-file\"><a id=\"wp-block-file--media-9fa15af6-c387-4526-8e3b-efb9cc5cc244\" href=\"https:\/\/grundschule-rothenstein.de\/wp-content\/uploads\/2024\/02\/Formular-Schulanmeldung-NEU-SHK-2024.pdf\">Formular-Schulanmeldung-NEU-SHK-2024<\/a><a href=\"https:\/\/grundschule-rothenstein.de\/wp-content\/uploads\/2024\/02\/Formular-Schulanmeldung-NEU-SHK-2024.pdf\" class=\"wp-block-file__button wp-element-button\" download aria-describedby=\"wp-block-file--media-9fa15af6-c387-4526-8e3b-efb9cc5cc244\">Herunterladen<\/a><\/div>\n\n\n\n<div class=\"wp-block-file\"><a id=\"wp-block-file--media-9b0790cb-5458-49c3-8b9d-3de45e760fd0\" href=\"https:\/\/grundschule-rothenstein.de\/wp-content\/uploads\/2023\/03\/Merkblatt-zur-Erhebung-personenbezogener-Daten.pdf\" target=\"_blank\" rel=\"noreferrer noopener\">Merkblatt-zur-Erhebung-personenbezogener-Daten<\/a><a href=\"https:\/\/grundschule-rothenstein.de\/wp-content\/uploads\/2023\/03\/Merkblatt-zur-Erhebung-personenbezogener-Daten.pdf\" class=\"wp-block-file__button wp-element-button\" download aria-describedby=\"wp-block-file--media-9b0790cb-5458-49c3-8b9d-3de45e760fd0\">Herunterladen<\/a><\/div>\n\n\n\n<div class=\"wp-block-file\"><a id=\"wp-block-file--media-4cc4587c-56d5-47a9-b716-98d44be5b238\" href=\"https:\/\/grundschule-rothenstein.de\/wp-content\/uploads\/2023\/04\/3.-Merkblatt-zum-Religionsunterricht.pdf\">3.-Merkblatt-zum-Religionsunterricht<\/a><a href=\"https:\/\/grundschule-rothenstein.de\/wp-content\/uploads\/2023\/04\/3.-Merkblatt-zum-Religionsunterricht.pdf\" class=\"wp-block-file__button wp-element-button\" download aria-describedby=\"wp-block-file--media-4cc4587c-56d5-47a9-b716-98d44be5b238\">Herunterladen<\/a><\/div>\n\n\n\n<p>Falls Ihr Kind den Hort besuchen soll, finden Sie hier weitere Informationen dazu und den Antrag zur Aufnahme Ihres Kindes. Bitte f\u00fcllen Sie ggf. auch diesen aus und senden ihn an die Schule zur\u00fcck.<\/p>\n\n\n\n<div class=\"wp-block-file\"><a id=\"wp-block-file--media-e7e389ae-0a0c-4ed1-ad0c-09aa2d86a94d\" href=\"https:\/\/grundschule-rothenstein.de\/wp-content\/uploads\/2023\/04\/4a.-Zum-Hortantrag-Information-des-Landratsamtes.pdf\">4a.-Zum-Hortantrag-Information-des-Landratsamtes<\/a><a href=\"https:\/\/grundschule-rothenstein.de\/wp-content\/uploads\/2023\/04\/4a.-Zum-Hortantrag-Information-des-Landratsamtes.pdf\" class=\"wp-block-file__button wp-element-button\" download aria-describedby=\"wp-block-file--media-e7e389ae-0a0c-4ed1-ad0c-09aa2d86a94d\">Herunterladen<\/a><\/div>\n\n\n\n<div class=\"wp-block-file\"><a id=\"wp-block-file--media-446e4136-4aea-410a-b7d0-98f7fce87d5c\" href=\"https:\/\/grundschule-rothenstein.de\/wp-content\/uploads\/2023\/04\/4.-Hortantrag.pdf\">4.-Hortantrag<\/a><a href=\"https:\/\/grundschule-rothenstein.de\/wp-content\/uploads\/2023\/04\/4.-Hortantrag.pdf\" class=\"wp-block-file__button wp-element-button\" download aria-describedby=\"wp-block-file--media-446e4136-4aea-410a-b7d0-98f7fce87d5c\">Herunterladen<\/a><\/div>\n\n\n\n<p>Hier noch einige Informationen zur bevorstehenden Schuluntersuchung:<\/p>\n\n\n\n<div class=\"wp-block-file\"><a id=\"wp-block-file--media-2277351d-69b1-49c6-8f18-e624352d09f1\" href=\"https:\/\/grundschule-rothenstein.de\/wp-content\/uploads\/2023\/04\/5.-Information-Einschulungsuntersuchung.pdf\">5.-Information-Einschulungsuntersuchung<\/a><a href=\"https:\/\/grundschule-rothenstein.de\/wp-content\/uploads\/2023\/04\/5.-Information-Einschulungsuntersuchung.pdf\" class=\"wp-block-file__button wp-element-button\" download aria-describedby=\"wp-block-file--media-2277351d-69b1-49c6-8f18-e624352d09f1\">Herunterladen<\/a><\/div>\n","protected":false},"excerpt":{"rendered":"<p>Die Schulanmeldung f\u00fcr das Schuljahr 2025\/26 findet erneut ohne Pr\u00e4senz statt. Bitte f\u00fcllen sie die folgenden Formulare aus und senden Sie sie an die Schule zur\u00fcck. Falls Ihr Kind den [&hellip;]<\/p>\n","protected":false},"author":4,"featured_media":0,"parent":0,"menu_order":0,"comment_status":"closed","ping_status":"closed","template":"","meta":{"footnotes":""},"class_list":["post-471","page","type-page","status-publish","hentry"],"jetpack_sharing_enabled":true,"_links":{"self":[{"href":"https:\/\/grundschule-rothenstein.de\/index.php?rest_route=\/wp\/v2\/pages\/471","targetHints":{"allow":["GET"]}}],"collection":[{"href":"https:\/\/grundschule-rothenstein.de\/index.php?rest_route=\/wp\/v2\/pages"}],"about":[{"href":"https:\/\/grundschule-rothenstein.de\/index.php?rest_route=\/wp\/v2\/types\/page"}],"author":[{"embeddable":true,"href":"https:\/\/grundschule-rothenstein.de\/index.php?rest_route=\/wp\/v2\/users\/4"}],"replies":[{"embeddable":true,"href":"https:\/\/grundschule-rothenstein.de\/index.php?rest_route=%2Fwp%2Fv2%2Fcomments&post=471"}],"version-history":[{"count":10,"href":"https:\/\/grundschule-rothenstein.de\/index.php?rest_route=\/wp\/v2\/pages\/471\/revisions"}],"predecessor-version":[{"id":1073,"href":"https:\/\/grundschule-rothenstein.de\/index.php?rest_route=\/wp\/v2\/pages\/471\/revisions\/1073"}],"wp:attachment":[{"href":"https:\/\/grundschule-rothenstein.de\/index.php?rest_route=%2Fwp%2Fv2%2Fmedia&parent=471"}],"curies":[{"name":"wp","href":"https:\/\/api.w.org\/{rel}","templated":true}]}}