{"id":788,"date":"2022-11-13T04:18:12","date_gmt":"2022-11-13T03:18:12","guid":{"rendered":"http:\/\/grundschule-rothenstein.de\/?page_id=788"},"modified":"2022-11-19T12:42:36","modified_gmt":"2022-11-19T11:42:36","slug":"weiterueben","status":"publish","type":"page","link":"https:\/\/grundschule-rothenstein.de\/?page_id=788","title":{"rendered":"Weiter\u00fcben"},"content":{"rendered":"\n<p>Mehr Seiten mit digitalen Lerninhalten<\/p>\n\n\n\n<p> Sehr umfangreiche Sammlung von \u00dcbungen f\u00fcr die Klassen 1-12.<\/p>\n\n\n\n<ul class=\"wp-block-list\">\n<li><a rel=\"noreferrer noopener\" href=\"http:\/\/Anton.app\" target=\"_blank\">Anton.app<\/a><\/li>\n\n\n\n<li><a rel=\"noreferrer noopener\" href=\"https:\/\/www.schlaukopf.de\/\" target=\"_blank\">www.schlaukopf.de<\/a><\/li>\n<\/ul>\n\n\n\n<div style=\"height:100px\" aria-hidden=\"true\" class=\"wp-block-spacer\"><\/div>\n\n\n\n<p><a rel=\"noreferrer noopener\" href=\"https:\/\/www.klaro-labor.de\/\" target=\"_blank\">www.klaro-labor.de<\/a> &#8211; Viele Elemente aus dem Klasse2000 Programm<br>\u00dcbungen f\u00fcr K\u00f6rper und Geist und viele Themen, die unsere Kinder neben dem Rechnen und Schreiben noch bewegen. (Passwort KLARO20+)<\/p>\n","protected":false},"excerpt":{"rendered":"<p>Mehr Seiten mit digitalen Lerninhalten Sehr umfangreiche Sammlung von \u00dcbungen f\u00fcr die Klassen 1-12. www.klaro-labor.de &#8211; Viele Elemente aus dem Klasse2000 Programm\u00dcbungen f\u00fcr K\u00f6rper und Geist und viele Themen, die [&hellip;]<\/p>\n","protected":false},"author":4,"featured_media":0,"parent":0,"menu_order":0,"comment_status":"closed","ping_status":"closed","template":"","meta":{"footnotes":""},"class_list":["post-788","page","type-page","status-publish","hentry"],"jetpack_sharing_enabled":true,"_links":{"self":[{"href":"https:\/\/grundschule-rothenstein.de\/index.php?rest_route=\/wp\/v2\/pages\/788","targetHints":{"allow":["GET"]}}],"collection":[{"href":"https:\/\/grundschule-rothenstein.de\/index.php?rest_route=\/wp\/v2\/pages"}],"about":[{"href":"https:\/\/grundschule-rothenstein.de\/index.php?rest_route=\/wp\/v2\/types\/page"}],"author":[{"embeddable":true,"href":"https:\/\/grundschule-rothenstein.de\/index.php?rest_route=\/wp\/v2\/users\/4"}],"replies":[{"embeddable":true,"href":"https:\/\/grundschule-rothenstein.de\/index.php?rest_route=%2Fwp%2Fv2%2Fcomments&post=788"}],"version-history":[{"count":8,"href":"https:\/\/grundschule-rothenstein.de\/index.php?rest_route=\/wp\/v2\/pages\/788\/revisions"}],"predecessor-version":[{"id":856,"href":"https:\/\/grundschule-rothenstein.de\/index.php?rest_route=\/wp\/v2\/pages\/788\/revisions\/856"}],"wp:attachment":[{"href":"https:\/\/grundschule-rothenstein.de\/index.php?rest_route=%2Fwp%2Fv2%2Fmedia&parent=788"}],"curies":[{"name":"wp","href":"https:\/\/api.w.org\/{rel}","templated":true}]}}