{"id":978,"date":"2023-04-23T16:56:23","date_gmt":"2023-04-23T14:56:23","guid":{"rendered":"https:\/\/grundschule-rothenstein.de\/?page_id=978"},"modified":"2025-12-10T21:43:11","modified_gmt":"2025-12-10T20:43:11","slug":"foerderverein","status":"publish","type":"page","link":"https:\/\/grundschule-rothenstein.de\/?page_id=978","title":{"rendered":"Herzlich willkommen beim F\u00f6rderverein der Grundschule"},"content":{"rendered":"\n<figure class=\"wp-block-image size-full\"><img loading=\"lazy\" decoding=\"async\" width=\"373\" height=\"237\" src=\"https:\/\/grundschule-rothenstein.de\/wp-content\/uploads\/2023\/04\/LogoFoerderverein.png\" alt=\"\" class=\"wp-image-979\" srcset=\"https:\/\/grundschule-rothenstein.de\/wp-content\/uploads\/2023\/04\/LogoFoerderverein.png 373w, https:\/\/grundschule-rothenstein.de\/wp-content\/uploads\/2023\/04\/LogoFoerderverein-300x191.png 300w\" sizes=\"auto, (max-width: 373px) 100vw, 373px\" \/><\/figure>\n\n\n\n<h2 class=\"wp-block-heading\">Wir tun etwas f\u00fcr unsere Kinder \u2013 machen Sie mit<\/h2>\n\n\n\n<p>Der F\u00f6rderverein Grundschule Rothenstein e.V. unterst\u00fctzt kulturelle, schulische und<br>au\u00dferschulische Aktivit\u00e4ten, die im Interesse der Bildung und Erziehung unserer Kinder liegen.<\/p>\n\n\n\n<p><br>Am 13.07.2006 gr\u00fcndeten einige Eltern und Lehrerinnen den F\u00f6rderverein der Grundschule<br>Rothenstein mit dem Ziel der finanziellen Unterst\u00fctzung von Material- und Anschaffungskosten,<br>sowie verschiedenen Aktivit\u00e4ten von Lehrern, Sch\u00fclern und Eltern. Die finanzielle Grundlage des<br>Vereines bilden vor allem Mitgliedsbeitr\u00e4ge, aber auch Spenden und Sponsorengelder, sowie<br>Einnahmen aus Veranstaltungen. Alle Einnahmen des Vereins werden zur Bereicherung und<br>Versch\u00f6nerung des Schulalltags der Kinder verwendet. Der Verein beteiligt sich, sowohl an der<br>Mitgestaltung besonderer schulischer H\u00f6hepunkte, als auch an der Organisation und<br>Durchf\u00fchrung wiederkehrender Veranstaltungen der Schule wie z.B. dem Sommerfest, dem<br>Osterbasteln und dem Weihnachtsbasar.<\/p>\n\n\n\n<h2 class=\"wp-block-heading\">Haben Sie noch mehr Ideen?<\/h2>\n\n\n\n<p>Sie k\u00f6nnen durch Ihre Mitgliedschaft und Ihre Mitarbeit oder aber auch durch jede kleine Spende<br>unseren Verein st\u00e4rken und damit etwas f\u00fcr unsere Kinder an der Grundschule Rothenstein tun.<br>Die Beitr\u00e4ge und Spenden kommen ausschlie\u00dflich den Kindern und der Schule zugute.<br>Sie sind steuerlich abzugsf\u00e4hig und selbstverst\u00e4ndlich erhalten Sie von uns eine Spendenquittung.<\/p>\n\n\n\n<h2 class=\"wp-block-heading\">Seien Sie dabei und freuen Sie sich mit unseren Kindern \u00fcber die vielen tollen Erlebnisse in der Grundschulzeit!<\/h2>\n\n\n\n<p>Mit einem Mitgliedsbeitrag von nur 12 \u20ac im Jahr und \/ oder Ihrer Geld- oder Sachspende k\u00f6nnen<br>auch Sie helfen.<br>Dar\u00fcber hinaus gibt es viele weitere M\u00f6glichkeiten, den Verein und damit die Sch\u00fcler zu<br>unterst\u00fctzen, zum Beispiel durch handwerkliche Leistungen oder das Bereitstellen von Material,<br>Mithilfe bei der Organisation verschiedener Veranstaltungen f\u00fcr die Schule, Klassen oder<br>Hortgruppen.<br>Sie haben bestimmt noch weitere Ideen und viele Talente oder M\u00f6glichkeiten, unseren Sch\u00fclern<br>die Grundschulzeit unvergesslich zu machen.<\/p>\n\n\n\n<div class=\"wp-block-file\"><a id=\"wp-block-file--media-b7c4225f-0a48-4ea4-9973-edced0008dc6\" href=\"https:\/\/grundschule-rothenstein.de\/wp-content\/uploads\/2023\/04\/Anmeldung_Foerderverein.pdf\">Anmeldung_Foerderverein<\/a><a href=\"https:\/\/grundschule-rothenstein.de\/wp-content\/uploads\/2023\/04\/Anmeldung_Foerderverein.pdf\" class=\"wp-block-file__button wp-element-button\" download aria-describedby=\"wp-block-file--media-b7c4225f-0a48-4ea4-9973-edced0008dc6\">Herunterladen<\/a><\/div>\n\n\n\n<h2 class=\"wp-block-heading\">Bisherige Erfolge der Vereinsarbeit<\/h2>\n\n\n\n<p><\/p>\n\n\n\n<ul class=\"wp-block-list\">\n<li>Basketballkorb, Tischtennisplatte, Regale f\u00fcr das \u201eKabinett der Wunder\u201c, Neugierexpress zum Sommerfest, Theater- und Planetarienausfl\u00fcge, Buchlesung, Musikprojekt u.v.m.<\/li>\n\n\n\n<li>F\u00f6rdermittel unter anderem vom Deutschen Kinderhilfswerk<\/li>\n\n\n\n<li>verschiedene Sach- und Geldspenden von ortsans\u00e4ssigen Firmen und privaten Sponsoren<\/li>\n<\/ul>\n\n\n\n<p><\/p>\n","protected":false},"excerpt":{"rendered":"<p>Wir tun etwas f\u00fcr unsere Kinder \u2013 machen Sie mit Der F\u00f6rderverein Grundschule Rothenstein e.V. unterst\u00fctzt kulturelle, schulische undau\u00dferschulische Aktivit\u00e4ten, die im Interesse der Bildung und Erziehung unserer Kinder liegen. [&hellip;]<\/p>\n","protected":false},"author":4,"featured_media":0,"parent":0,"menu_order":0,"comment_status":"closed","ping_status":"closed","template":"","meta":{"footnotes":""},"class_list":["post-978","page","type-page","status-publish","hentry"],"jetpack_sharing_enabled":true,"_links":{"self":[{"href":"https:\/\/grundschule-rothenstein.de\/index.php?rest_route=\/wp\/v2\/pages\/978","targetHints":{"allow":["GET"]}}],"collection":[{"href":"https:\/\/grundschule-rothenstein.de\/index.php?rest_route=\/wp\/v2\/pages"}],"about":[{"href":"https:\/\/grundschule-rothenstein.de\/index.php?rest_route=\/wp\/v2\/types\/page"}],"author":[{"embeddable":true,"href":"https:\/\/grundschule-rothenstein.de\/index.php?rest_route=\/wp\/v2\/users\/4"}],"replies":[{"embeddable":true,"href":"https:\/\/grundschule-rothenstein.de\/index.php?rest_route=%2Fwp%2Fv2%2Fcomments&post=978"}],"version-history":[{"count":6,"href":"https:\/\/grundschule-rothenstein.de\/index.php?rest_route=\/wp\/v2\/pages\/978\/revisions"}],"predecessor-version":[{"id":1326,"href":"https:\/\/grundschule-rothenstein.de\/index.php?rest_route=\/wp\/v2\/pages\/978\/revisions\/1326"}],"wp:attachment":[{"href":"https:\/\/grundschule-rothenstein.de\/index.php?rest_route=%2Fwp%2Fv2%2Fmedia&parent=978"}],"curies":[{"name":"wp","href":"https:\/\/api.w.org\/{rel}","templated":true}]}}